{"id":240,"date":"2018-10-20T15:46:09","date_gmt":"2018-10-20T15:46:09","guid":{"rendered":"http:\/\/www.romh.eu\/sale\/?page_id=240"},"modified":"2018-10-21T11:50:44","modified_gmt":"2018-10-21T11:50:44","slug":"romh-handelswaren","status":"publish","type":"page","link":"http:\/\/www.romh.eu\/sale\/?page_id=240","title":{"rendered":"ROMH Handelswaren"},"content":{"rendered":"\n<figure class=\"wp-block-image\"><img loading=\"lazy\" decoding=\"async\" width=\"1133\" height=\"755\" src=\"http:\/\/www.romh.eu\/sale\/wp-content\/uploads\/2018\/10\/ROMH_Handelswaren_DSC5123.jpg\" alt=\"\" class=\"wp-image-274\" srcset=\"http:\/\/www.romh.eu\/sale\/wp-content\/uploads\/2018\/10\/ROMH_Handelswaren_DSC5123.jpg 1133w, http:\/\/www.romh.eu\/sale\/wp-content\/uploads\/2018\/10\/ROMH_Handelswaren_DSC5123-300x200.jpg 300w, http:\/\/www.romh.eu\/sale\/wp-content\/uploads\/2018\/10\/ROMH_Handelswaren_DSC5123-768x512.jpg 768w, http:\/\/www.romh.eu\/sale\/wp-content\/uploads\/2018\/10\/ROMH_Handelswaren_DSC5123-1024x682.jpg 1024w\" sizes=\"(max-width: 1133px) 100vw, 1133px\" \/><\/figure>\n\n\n\n<p>&nbsp;<\/p>\n\n\n\n<p style=\"text-align:left\"><strong>F\u00fcr Sie t\u00e4tig in drei Kernbereichen:<\/strong><\/p>\n\n\n\n<p style=\"text-align:left\">BESCHAFFUNG von Waren aller Art<\/p>\n\n\n\n<p style=\"text-align:left\">VERMARKTUNG von Waren aller Art<\/p>\n\n\n\n<p>DIENSTLEISTUNGEN f\u00fcr Handelswaren<\/p>\n\n\n\n<p style=\"text-align:left\"><strong>F\u00fcr Sie t\u00e4tig &#8211; mit besten Beziehungen, insbesondere&nbsp;im Hafen Hamburg.<\/strong><\/p>\n\n\n\n<!--more-->\n\n\n\n<p>&nbsp; <br><\/p>\n\n\n\n<p><strong>BESCHAFFUNG von Waren aller Art aus\ufeff<\/strong>&nbsp;<\/p>\n\n\n\n<p>Versicherungssch\u00e4den <br>\nHavariepartien <br>\nTransportsch\u00e4den<br>\nPfandrecht<br>\n\u00dcberproduktionen<br>\nFehlproduktionen<br>\nGesch\u00e4ftsaufgaben <br>\nInsolvenzen <br>\nLageraufl\u00f6sungen <br>\nLagerrestanten<br>\nKonkursmasse<br>\nRestposten <br>\nStocklots<br>\nSonderposten<br>\nSpeditionspfandrecht<br>\nVersicherungssch\u00e4den <br>\nHavariepartien <br>\nTransportsch\u00e4den<br>\nPfandrecht<br>\n\u00dcberproduktionen<br>\nFehlproduktionen<br>\nGesch\u00e4ftsaufgaben <br>\nInsolvenzen <br>\nLageraufl\u00f6sungen <br>\nLagerrestanten<br>\nKonkursmasse<br>\nRestposten <br>\nStocklots<br>\nSonderposten<br>\nSpeditionspfandrecht<\/p>\n\n\n\n<p><strong>VERMARKTUNG von Waren aller Art an <\/strong><br><\/p>\n\n\n\n<p>Sonderpostenhandel<br>\nGro\u00dfhandel<br>\nEinzelhandel<br>\nAktionswarenhandel<br>\nOnlinehandel<br>\nExporteure<\/p>\n\n\n\n<p><strong>DIENSTLEISTUNGEN&nbsp;f\u00fcr&nbsp;Handelswaren<\/strong><\/p>\n\n\n\n<p>Verzollung<br>\nLagerung<br>\nKommissionierung<br>\nImport<br>\nExport<br>\nEntsorgung<\/p>\n","protected":false},"excerpt":{"rendered":"<p>&nbsp; F\u00fcr Sie t\u00e4tig in drei Kernbereichen: BESCHAFFUNG von Waren aller Art VERMARKTUNG von Waren aller Art DIENSTLEISTUNGEN f\u00fcr Handelswaren F\u00fcr Sie t\u00e4tig &#8211; mit besten Beziehungen, insbesondere&nbsp;im Hafen Hamburg.<\/p>\n","protected":false},"author":1,"featured_media":0,"parent":0,"menu_order":0,"comment_status":"closed","ping_status":"closed","template":"","meta":{"ngg_post_thumbnail":0,"footnotes":""},"_links":{"self":[{"href":"http:\/\/www.romh.eu\/sale\/index.php?rest_route=\/wp\/v2\/pages\/240"}],"collection":[{"href":"http:\/\/www.romh.eu\/sale\/index.php?rest_route=\/wp\/v2\/pages"}],"about":[{"href":"http:\/\/www.romh.eu\/sale\/index.php?rest_route=\/wp\/v2\/types\/page"}],"author":[{"embeddable":true,"href":"http:\/\/www.romh.eu\/sale\/index.php?rest_route=\/wp\/v2\/users\/1"}],"replies":[{"embeddable":true,"href":"http:\/\/www.romh.eu\/sale\/index.php?rest_route=%2Fwp%2Fv2%2Fcomments&post=240"}],"version-history":[{"count":13,"href":"http:\/\/www.romh.eu\/sale\/index.php?rest_route=\/wp\/v2\/pages\/240\/revisions"}],"predecessor-version":[{"id":328,"href":"http:\/\/www.romh.eu\/sale\/index.php?rest_route=\/wp\/v2\/pages\/240\/revisions\/328"}],"wp:attachment":[{"href":"http:\/\/www.romh.eu\/sale\/index.php?rest_route=%2Fwp%2Fv2%2Fmedia&parent=240"}],"curies":[{"name":"wp","href":"https:\/\/api.w.org\/{rel}","templated":true}]}}