{"id":239,"date":"2018-10-20T16:59:09","date_gmt":"2018-10-20T16:59:09","guid":{"rendered":"http:\/\/www.romh.eu\/sale\/?page_id=239"},"modified":"2018-10-21T12:47:29","modified_gmt":"2018-10-21T12:47:29","slug":"datenschutzerklaerung","status":"publish","type":"page","link":"http:\/\/www.romh.eu\/sale\/?page_id=239","title":{"rendered":"Datenschutzerkl\u00e4rung"},"content":{"rendered":"\n<p>Die Nutzung dieser Web-Seite ist ohne die Angabe personenbezogener Daten m\u00f6glich. <\/p>\n\n\n\n<p>Personenbezogene Daten (beispielsweise Name, Anschrift oder eMail-Adressen) werden nur erhoben bei Anfragen des Nutzers an ROMH Handelswaren \u00fcber die entsprechenden Mail-Formulare. Diese Daten werden nur intern zum Zweck der direkten Kommunikation und zur Versendung des ROMH-Newsletter genutzt und nicht an Dritte weitergegeben. <br>Wir sind bem\u00fcht das Angebot dieser Seite und die Relevanz der Angebote st\u00e4ndig zu verbessern. Deshalb wird die Nutzung der Seite mit Hilfe des h\u00e4ufig genutzen Webanalysedienst \u00b4GOOGLE Analytics\u00b4 analysiert. Eine Zusammenf\u00fchrung mit den oben angesprochenen personenbezogenen Daten erfolgt nicht.<\/p>\n\n\n\n<p>Weitere Details dazu:<br>\u201eDiese Website benutzt Google Analytics, einen Webanalysedienst der Google Inc. (\u201eGoogle\u201c). Google Analytics verwendet sog. \u201eCookies\u201c, Textdateien, die auf Ihrem Computer gespeichert werden und die eine Analyse der Benutzung der Website durch Sie erm\u00f6glichen. Die durch den Cookie erzeugten Informationen \u00fcber Ihre Benutzung dieser Website (einschlie\u00dflich Ihrer IP-Adresse) wird an einen Server von Google in den USA \u00fcbertragen und dort gespeichert. Google wird diese Informationen benutzen, um Ihre Nutzung der Website auszuwerten, um Reports \u00fcber die Websiteaktivit\u00e4ten f\u00fcr die Websitebetreiber zusammenzustellen und um weitere mit der Websitenutzung und der Internetnutzung verbundene Dienstleistungen zu erbringen. Auch wird Google diese Informationen gegebenenfalls an Dritte \u00fcbertragen, sofern dies gesetzlich vorgeschrieben oder soweit Dritte diese Daten im Auftrag von Google verarbeiten. Google wird in keinem Fall Ihre IP-Adresse mit anderen Daten von Google in Verbindung bringen. Sie k\u00f6nnen die Installation der Cookies durch eine entsprechende Einstellung Ihrer Browser Software verhindern; wir weisen Sie jedoch darauf hin, dass Sie in diesem Fall gegebenenfalls nicht s\u00e4mtliche Funktionen dieser Website vollumf\u00e4nglich nutzen k\u00f6nnen. Durch die Nutzung dieser Website erkl\u00e4ren Sie sich mit der Bearbeitung der \u00fcber Sie erhobenen Daten durch Google in der zuvor beschriebenen Art und Weise und zu dem zuvor benannten Zweck einverstanden.\u201c Quelle AGB GOOGLE ANALYTICS<br><\/p>\n\n\n\n<p><strong>Bei Fragen oder Unklarheiten, nehmen Sie bitte im Sinne einer schnellstm\u00f6glichen Kl\u00e4rung per Email Kontakt auf: <\/strong><br><strong>info [at] romh [dot\/punkt] eu<\/strong> <\/p>\n","protected":false},"excerpt":{"rendered":"<p>Die Nutzung dieser Web-Seite ist ohne die Angabe personenbezogener Daten m\u00f6glich. Personenbezogene Daten (beispielsweise Name, Anschrift oder eMail-Adressen) werden nur erhoben bei Anfragen des Nutzers an ROMH Handelswaren \u00fcber die entsprechenden Mail-Formulare. Diese Daten werden nur intern zum Zweck der direkten Kommunikation und zur Versendung des ROMH-Newsletter genutzt und nicht an Dritte weitergegeben. Wir sind [&hellip;]<\/p>\n","protected":false},"author":1,"featured_media":0,"parent":0,"menu_order":0,"comment_status":"closed","ping_status":"closed","template":"","meta":{"ngg_post_thumbnail":0,"footnotes":""},"_links":{"self":[{"href":"http:\/\/www.romh.eu\/sale\/index.php?rest_route=\/wp\/v2\/pages\/239"}],"collection":[{"href":"http:\/\/www.romh.eu\/sale\/index.php?rest_route=\/wp\/v2\/pages"}],"about":[{"href":"http:\/\/www.romh.eu\/sale\/index.php?rest_route=\/wp\/v2\/types\/page"}],"author":[{"embeddable":true,"href":"http:\/\/www.romh.eu\/sale\/index.php?rest_route=\/wp\/v2\/users\/1"}],"replies":[{"embeddable":true,"href":"http:\/\/www.romh.eu\/sale\/index.php?rest_route=%2Fwp%2Fv2%2Fcomments&post=239"}],"version-history":[{"count":4,"href":"http:\/\/www.romh.eu\/sale\/index.php?rest_route=\/wp\/v2\/pages\/239\/revisions"}],"predecessor-version":[{"id":355,"href":"http:\/\/www.romh.eu\/sale\/index.php?rest_route=\/wp\/v2\/pages\/239\/revisions\/355"}],"wp:attachment":[{"href":"http:\/\/www.romh.eu\/sale\/index.php?rest_route=%2Fwp%2Fv2%2Fmedia&parent=239"}],"curies":[{"name":"wp","href":"https:\/\/api.w.org\/{rel}","templated":true}]}}