{"id":15,"date":"2012-03-29T09:22:37","date_gmt":"2012-03-29T09:22:37","guid":{"rendered":"http:\/\/www.romh.eu\/sale\/?page_id=15"},"modified":"2018-10-21T19:34:01","modified_gmt":"2018-10-21T19:34:01","slug":"impressum","status":"publish","type":"page","link":"http:\/\/www.romh.eu\/sale\/?page_id=15","title":{"rendered":"Impressum"},"content":{"rendered":"<div id=\"id4\">\n<div>\n<div>\n<p><strong>Anbieter nach \u00a7 5 Telemediengesetz (TMG)<\/strong><\/p>\n<p>ROMH Handelswaren<br>Reinhard Hennicke<br>Seevestra\u00dfe 1<br>21228 Harmstorf<\/p>\n<p>Deutschland<\/p>\n<p>TEL.&nbsp;&nbsp;&nbsp;&nbsp;&nbsp;&nbsp;&nbsp; +49 (0)4105 555 988<br>FAX&nbsp;&nbsp;&nbsp;&nbsp;&nbsp;&nbsp;&nbsp; +49 (0)4105 555 989<br>MAIL&nbsp;&nbsp;&nbsp;&nbsp;&nbsp;&nbsp; info[at]romh.eu<\/p>\n<p>Reinhard Hennicke<br>MOBIL&nbsp;&nbsp;&nbsp; +49 (0)170 9630 247<\/p>\n<p>Umsatzsteuer-Identifikationsnummer:<\/p>\n<p>DE 206946538<\/p>\n<\/div>\n<\/div>\n<\/div>\n<div id=\"id6\">\n<div>\n<div>&nbsp;<\/div>\n<\/div>\n<\/div>\n<p><strong>Verantwortlicher nach \u00a7 55 RStV<\/strong><\/p>\n<p>ROMH Handelswaren<br>Reinhard Hennicke<br>Seevestrasse 1<br>21228 Harmstorf<\/p>\n<p>Rechtlicher Hinweis:<\/p>\n<p>Jede auszugsweise oder gewerbliche Nutzung, insbesondere von Photo- oder Video-Materialien bedarf der vorherigen schriftlichen Genehmigung.<\/p>\n<p>Haftungshinweis: <br>Trotz sorgf\u00e4ltiger inhaltlicher Kontrolle, keine Haftung f\u00fcr die Inhalte externer Links. F\u00fcr den Inhalt der verlinkten Seiten sind ausschlie\u00dflich deren Betreiber verantwortlich.<\/p>\n\n\n<p><strong>Bei Fragen oder Unklarheiten, nehmen Sie bitte im Sinne einer schnellstm\u00f6glichen Kl\u00e4rung per Email Kontakt auf: <br>info [at] romh [dot\/punkt] eu<\/strong> <\/p>\n","protected":false},"excerpt":{"rendered":"<p>Anbieter nach \u00a7 5 Telemediengesetz (TMG) ROMH HandelswarenReinhard HennickeSeevestra\u00dfe 121228 Harmstorf Deutschland TEL.&nbsp;&nbsp;&nbsp;&nbsp;&nbsp;&nbsp;&nbsp; +49 (0)4105 555 988FAX&nbsp;&nbsp;&nbsp;&nbsp;&nbsp;&nbsp;&nbsp; +49 (0)4105 555 989MAIL&nbsp;&nbsp;&nbsp;&nbsp;&nbsp;&nbsp; info[at]romh.eu Reinhard HennickeMOBIL&nbsp;&nbsp;&nbsp; +49 (0)170 9630 247 Umsatzsteuer-Identifikationsnummer: DE 206946538 &nbsp; Verantwortlicher nach \u00a7 55 RStV ROMH HandelswarenReinhard HennickeSeevestrasse 121228 Harmstorf Rechtlicher Hinweis: Jede auszugsweise oder gewerbliche Nutzung, insbesondere von Photo- oder Video-Materialien bedarf [&hellip;]<\/p>\n","protected":false},"author":2,"featured_media":0,"parent":0,"menu_order":0,"comment_status":"closed","ping_status":"closed","template":"","meta":{"ngg_post_thumbnail":0,"footnotes":""},"_links":{"self":[{"href":"http:\/\/www.romh.eu\/sale\/index.php?rest_route=\/wp\/v2\/pages\/15"}],"collection":[{"href":"http:\/\/www.romh.eu\/sale\/index.php?rest_route=\/wp\/v2\/pages"}],"about":[{"href":"http:\/\/www.romh.eu\/sale\/index.php?rest_route=\/wp\/v2\/types\/page"}],"author":[{"embeddable":true,"href":"http:\/\/www.romh.eu\/sale\/index.php?rest_route=\/wp\/v2\/users\/2"}],"replies":[{"embeddable":true,"href":"http:\/\/www.romh.eu\/sale\/index.php?rest_route=%2Fwp%2Fv2%2Fcomments&post=15"}],"version-history":[{"count":9,"href":"http:\/\/www.romh.eu\/sale\/index.php?rest_route=\/wp\/v2\/pages\/15\/revisions"}],"predecessor-version":[{"id":357,"href":"http:\/\/www.romh.eu\/sale\/index.php?rest_route=\/wp\/v2\/pages\/15\/revisions\/357"}],"wp:attachment":[{"href":"http:\/\/www.romh.eu\/sale\/index.php?rest_route=%2Fwp%2Fv2%2Fmedia&parent=15"}],"curies":[{"name":"wp","href":"https:\/\/api.w.org\/{rel}","templated":true}]}}