{"id":123,"date":"2012-09-05T17:29:13","date_gmt":"2012-09-05T17:29:13","guid":{"rendered":"http:\/\/www.romh.eu\/sale\/?page_id=123"},"modified":"2012-09-08T11:55:51","modified_gmt":"2012-09-08T11:55:51","slug":"andere-angebote-more-offers","status":"publish","type":"page","link":"http:\/\/www.romh.eu\/sale\/?page_id=123","title":{"rendered":"Weitere Angebote \/ additional offers"},"content":{"rendered":"<p><span style=\"color: #000000;\">Besten Dank f\u00fcr Ihr Interesse!<\/span><\/p>\n<p><span style=\"color: #808080;\">Thank you for your interest!<\/span><\/p>\n<p><span style=\"color: #000000;\">Wenn Sie einen \u00dcberblick \u00fcber das vielseitige Angebot von ROMH Handelswaren suchen, dann ist auch der bisherige<\/span><\/p>\n<p><strong><span style=\"color: #ff0000;\"><a title=\"andere Angebote \/ more offers\" href=\"http:\/\/www.romh.eu\/R.O.M.H\/Blog\/Blog.html\" target=\"_blank\"><span style=\"color: #ff0000;\">ROMH Angebote Blog &gt;&gt;\u00a0<\/span><\/a><\/span><\/strong><\/p>\n<p>interessant f\u00fcr Sie.<\/p>\n<p><span style=\"color: #808080;\">If you are looking for additional offers of ROMH Handelswaren, or if you like to get an overview about the different goods ROMH is trading with, then the former blog would be also interesting for you:<br \/>\n<\/span><\/p>\n<p><span style=\"color: #ff0000;\"><strong><a title=\"andere Angebote \/ more offers\" href=\"http:\/\/www.romh.eu\/R.O.M.H\/Blog\/Blog.html\" target=\"_blank\"><span style=\"color: #ff0000;\">ROMH Offers Blog &gt;&gt;\u00a0<\/span><\/a><\/strong><\/span><\/p>\n<p><span style=\"color: #808080;\"><br \/>\n<\/span><\/p>\n","protected":false},"excerpt":{"rendered":"<p>Besten Dank f\u00fcr Ihr Interesse! Thank you for your interest! Wenn Sie einen \u00dcberblick \u00fcber das vielseitige Angebot von ROMH Handelswaren suchen, dann ist auch der bisherige ROMH Angebote Blog &gt;&gt;\u00a0 interessant f\u00fcr Sie. If you are looking for additional offers of ROMH Handelswaren, or if you like to get an overview about the different [&hellip;]<\/p>\n","protected":false},"author":1,"featured_media":0,"parent":0,"menu_order":0,"comment_status":"closed","ping_status":"open","template":"","meta":{"ngg_post_thumbnail":0,"footnotes":""},"_links":{"self":[{"href":"http:\/\/www.romh.eu\/sale\/index.php?rest_route=\/wp\/v2\/pages\/123"}],"collection":[{"href":"http:\/\/www.romh.eu\/sale\/index.php?rest_route=\/wp\/v2\/pages"}],"about":[{"href":"http:\/\/www.romh.eu\/sale\/index.php?rest_route=\/wp\/v2\/types\/page"}],"author":[{"embeddable":true,"href":"http:\/\/www.romh.eu\/sale\/index.php?rest_route=\/wp\/v2\/users\/1"}],"replies":[{"embeddable":true,"href":"http:\/\/www.romh.eu\/sale\/index.php?rest_route=%2Fwp%2Fv2%2Fcomments&post=123"}],"version-history":[{"count":6,"href":"http:\/\/www.romh.eu\/sale\/index.php?rest_route=\/wp\/v2\/pages\/123\/revisions"}],"predecessor-version":[{"id":127,"href":"http:\/\/www.romh.eu\/sale\/index.php?rest_route=\/wp\/v2\/pages\/123\/revisions\/127"}],"wp:attachment":[{"href":"http:\/\/www.romh.eu\/sale\/index.php?rest_route=%2Fwp%2Fv2%2Fmedia&parent=123"}],"curies":[{"name":"wp","href":"https:\/\/api.w.org\/{rel}","templated":true}]}}